{"id":76,"date":"2024-08-14T11:48:51","date_gmt":"2024-08-14T09:48:51","guid":{"rendered":"https:\/\/www.sanwicom.com\/?page_id=76"},"modified":"2024-08-14T11:50:50","modified_gmt":"2024-08-14T09:50:50","slug":"presentation-de-lagence","status":"publish","type":"page","link":"https:\/\/www.sanwicom.com\/index.php\/presentation-de-lagence\/","title":{"rendered":"Pr\u00e9sentation de l&rsquo;agence"},"content":{"rendered":"\t\t<div data-elementor-type=\"wp-page\" data-elementor-id=\"76\" class=\"elementor elementor-76\">\n\t\t\t\t<div class=\"elementor-element elementor-element-fd0f0cc e-flex e-con-boxed wpr-particle-no wpr-jarallax-no wpr-parallax-no wpr-sticky-section-no e-con e-parent\" data-id=\"fd0f0cc\" data-element_type=\"container\">\n\t\t\t\t\t<div class=\"e-con-inner\">\n\t\t<div class=\"elementor-element elementor-element-2c9c363 e-con-full e-flex wpr-particle-no wpr-jarallax-no wpr-parallax-no wpr-sticky-section-no e-con e-child\" data-id=\"2c9c363\" data-element_type=\"container\">\n\t\t\t\t<div class=\"elementor-element elementor-element-a5aec72 elementor-widget elementor-widget-image\" data-id=\"a5aec72\" data-element_type=\"widget\" data-widget_type=\"image.default\">\n\t\t\t\t<div class=\"elementor-widget-container\">\n\t\t\t\t\t\t\t\t\t\t\t\t\t\t\t<img fetchpriority=\"high\" decoding=\"async\" width=\"576\" height=\"1024\" src=\"https:\/\/www.sanwicom.com\/wp-content\/uploads\/2024\/08\/SANWICOM-AGENCE-1-576x1024.png\" class=\"attachment-large size-large wp-image-72\" alt=\"Pr\u00e9sentation agence\" srcset=\"https:\/\/www.sanwicom.com\/wp-content\/uploads\/2024\/08\/SANWICOM-AGENCE-1-576x1024.png 576w, https:\/\/www.sanwicom.com\/wp-content\/uploads\/2024\/08\/SANWICOM-AGENCE-1-169x300.png 169w, https:\/\/www.sanwicom.com\/wp-content\/uploads\/2024\/08\/SANWICOM-AGENCE-1-768x1365.png 768w, https:\/\/www.sanwicom.com\/wp-content\/uploads\/2024\/08\/SANWICOM-AGENCE-1-864x1536.png 864w, https:\/\/www.sanwicom.com\/wp-content\/uploads\/2024\/08\/SANWICOM-AGENCE-1.png 1080w\" sizes=\"(max-width: 576px) 100vw, 576px\" \/>\t\t\t\t\t\t\t\t\t\t\t\t\t\t\t<\/div>\n\t\t\t\t<\/div>\n\t\t\t\t<\/div>\n\t\t<div class=\"elementor-element elementor-element-84605db e-con-full e-flex wpr-particle-no wpr-jarallax-no wpr-parallax-no wpr-sticky-section-no e-con e-child\" data-id=\"84605db\" data-element_type=\"container\">\n\t\t<div class=\"elementor-element elementor-element-c6190a4 e-con-full e-flex wpr-particle-no wpr-jarallax-no wpr-parallax-no wpr-sticky-section-no e-con e-child\" data-id=\"c6190a4\" data-element_type=\"container\">\n\t\t\t\t<div class=\"elementor-element elementor-element-51dda85 elementor-widget elementor-widget-text-editor\" data-id=\"51dda85\" data-element_type=\"widget\" data-widget_type=\"text-editor.default\">\n\t\t\t\t<div class=\"elementor-widget-container\">\n\t\t\t\t\t\t\t\t\t<p><span class=\"OYPEnA font-feature-liga-off font-feature-clig-off font-feature-calt-off text-decoration-none text-strikethrough-none\">SANWICOM, entreprise cr\u00e9\u00e9e le 1er septembre 2023, est sp\u00e9cialis\u00e9e dans la prestation de services et de conseils en marketing et en communication. <\/span><\/p><p><span class=\"OYPEnA font-feature-liga-off font-feature-clig-off font-feature-calt-off text-decoration-none text-strikethrough-none\">Elle est l\u2019aboutissement de<\/span><span class=\"OYPEnA font-feature-liga-off font-feature-clig-off font-feature-calt-off text-decoration-none text-strikethrough-none white-space-prewrap\">\u00a0<\/span><span class=\"OYPEnA font-feature-liga-off font-feature-clig-off font-feature-calt-off text-decoration-none text-strikethrough-none\">25 ann\u00e9es d\u2019exp\u00e9rience dans l\u2019univers de la communication. <\/span><\/p><p><span class=\"OYPEnA font-feature-liga-off font-feature-clig-off font-feature-calt-off text-decoration-none text-strikethrough-none\">Je suis <\/span><span class=\"OYPEnA font-feature-liga-off font-feature-clig-off font-feature-calt-off text-decoration-none text-strikethrough-none\">Marie-Th\u00e9r\u00e8se Bert\u00e9,<\/span><span class=\"OYPEnA font-feature-liga-off font-feature-clig-off font-feature-calt-off text-decoration-none text-strikethrough-none\"> et d\u2019aussi loin que je me souvienne, j\u2019ai toujours voulu travailler dans la communication. <\/span><\/p><p><span class=\"OYPEnA font-feature-liga-off font-feature-clig-off font-feature-calt-off text-decoration-none text-strikethrough-none\">Ceux qui me connaissent bien disent de moi que j\u2019ai \u00a0\u00bb plusieurs comp\u00e9tences dans une personnalit\u00e9 unique \u00bb.<\/span><\/p>\t\t\t\t\t\t\t\t<\/div>\n\t\t\t\t<\/div>\n\t\t\t\t<\/div>\n\t\t\t\t<\/div>\n\t\t\t\t\t<\/div>\n\t\t\t\t<\/div>\n\t\t<div class=\"elementor-element elementor-element-83ef9a3 e-flex e-con-boxed wpr-particle-no wpr-jarallax-no wpr-parallax-no wpr-sticky-section-no e-con e-parent\" data-id=\"83ef9a3\" data-element_type=\"container\">\n\t\t\t\t\t<div class=\"e-con-inner\">\n\t\t\t\t<div class=\"elementor-element elementor-element-7a20508 elementor-widget elementor-widget-text-editor\" data-id=\"7a20508\" data-element_type=\"widget\" data-widget_type=\"text-editor.default\">\n\t\t\t\t<div class=\"elementor-widget-container\">\n\t\t\t\t\t\t\t\t\t<p>La communication est pour moi une passion et ses ramifications des challenges qu\u2019il me pla\u00eet de relever quotidiennement pour obtenir des r\u00e9sultats.<\/p>\t\t\t\t\t\t\t\t<\/div>\n\t\t\t\t<\/div>\n\t\t\t\t\t<\/div>\n\t\t\t\t<\/div>\n\t\t\t\t<\/div>\n\t\t","protected":false},"excerpt":{"rendered":"<p>SANWICOM, entreprise cr\u00e9\u00e9e le 1er septembre 2023, est sp\u00e9cialis\u00e9e dans la prestation de services et de conseils en marketing et en communication. Elle est l\u2019aboutissement de\u00a025 ann\u00e9es d\u2019exp\u00e9rience dans l\u2019univers de la communication. Je suis Marie-Th\u00e9r\u00e8se Bert\u00e9, et d\u2019aussi loin que je me souvienne, j\u2019ai toujours voulu travailler dans la communication. Ceux qui me connaissent bien disent de moi que j\u2019ai \u00a0\u00bb plusieurs comp\u00e9tences dans une personnalit\u00e9 unique \u00bb. La communication est pour moi une passion et ses ramifications des challenges qu\u2019il me pla\u00eet de relever quotidiennement pour obtenir des r\u00e9sultats.<\/p>\n","protected":false},"author":3,"featured_media":0,"parent":0,"menu_order":0,"comment_status":"closed","ping_status":"closed","template":"","meta":{"site-sidebar-layout":"default","site-content-layout":"","ast-site-content-layout":"","site-content-style":"default","site-sidebar-style":"default","ast-global-header-display":"","ast-banner-title-visibility":"","ast-main-header-display":"","ast-hfb-above-header-display":"","ast-hfb-below-header-display":"","ast-hfb-mobile-header-display":"","site-post-title":"","ast-breadcrumbs-content":"","ast-featured-img":"","footer-sml-layout":"","theme-transparent-header-meta":"","adv-header-id-meta":"","stick-header-meta":"","header-above-stick-meta":"","header-main-stick-meta":"","header-below-stick-meta":"","astra-migrate-meta-layouts":"default","ast-page-background-enabled":"default","ast-page-background-meta":{"desktop":{"background-color":"var(--ast-global-color-5)","background-image":"","background-repeat":"repeat","background-position":"center center","background-size":"auto","background-attachment":"scroll","background-type":"","background-media":"","overlay-type":"","overlay-color":"","overlay-opacity":"","overlay-gradient":""},"tablet":{"background-color":"","background-image":"","background-repeat":"repeat","background-position":"center center","background-size":"auto","background-attachment":"scroll","background-type":"","background-media":"","overlay-type":"","overlay-color":"","overlay-opacity":"","overlay-gradient":""},"mobile":{"background-color":"","background-image":"","background-repeat":"repeat","background-position":"center center","background-size":"auto","background-attachment":"scroll","background-type":"","background-media":"","overlay-type":"","overlay-color":"","overlay-opacity":"","overlay-gradient":""}},"ast-content-background-meta":{"desktop":{"background-color":"var(--ast-global-color-4)","background-image":"","background-repeat":"repeat","background-position":"center center","background-size":"auto","background-attachment":"scroll","background-type":"","background-media":"","overlay-type":"","overlay-color":"","overlay-opacity":"","overlay-gradient":""},"tablet":{"background-color":"var(--ast-global-color-4)","background-image":"","background-repeat":"repeat","background-position":"center center","background-size":"auto","background-attachment":"scroll","background-type":"","background-media":"","overlay-type":"","overlay-color":"","overlay-opacity":"","overlay-gradient":""},"mobile":{"background-color":"var(--ast-global-color-4)","background-image":"","background-repeat":"repeat","background-position":"center center","background-size":"auto","background-attachment":"scroll","background-type":"","background-media":"","overlay-type":"","overlay-color":"","overlay-opacity":"","overlay-gradient":""}},"footnotes":""},"class_list":["post-76","page","type-page","status-publish","hentry"],"yoast_head":"<!-- This site is optimized with the Yoast SEO plugin v27.4 - https:\/\/yoast.com\/product\/yoast-seo-wordpress\/ -->\n<title>Pr\u00e9sentation de l&#039;agence - Sanwi Communication<\/title>\n<meta name=\"robots\" content=\"index, follow, max-snippet:-1, max-image-preview:large, max-video-preview:-1\" \/>\n<link rel=\"canonical\" href=\"https:\/\/www.sanwicom.com\/index.php\/presentation-de-lagence\/\" \/>\n<meta property=\"og:locale\" content=\"fr_FR\" \/>\n<meta property=\"og:type\" content=\"article\" \/>\n<meta property=\"og:title\" content=\"Pr\u00e9sentation de l&#039;agence - Sanwi Communication\" \/>\n<meta property=\"og:description\" content=\"SANWICOM, entreprise cr\u00e9\u00e9e le 1er septembre 2023, est sp\u00e9cialis\u00e9e dans la prestation de services et de conseils en marketing et en communication. Elle est l\u2019aboutissement de\u00a025 ann\u00e9es d\u2019exp\u00e9rience dans l\u2019univers de la communication. Je suis Marie-Th\u00e9r\u00e8se Bert\u00e9, et d\u2019aussi loin que je me souvienne, j\u2019ai toujours voulu travailler dans la communication. Ceux qui me connaissent bien disent de moi que j\u2019ai \u00a0\u00bb plusieurs comp\u00e9tences dans une personnalit\u00e9 unique \u00bb. La communication est pour moi une passion et ses ramifications des challenges qu\u2019il me pla\u00eet de relever quotidiennement pour obtenir des r\u00e9sultats.\" \/>\n<meta property=\"og:url\" content=\"https:\/\/www.sanwicom.com\/index.php\/presentation-de-lagence\/\" \/>\n<meta property=\"og:site_name\" content=\"Sanwi Communication\" \/>\n<meta property=\"article:modified_time\" content=\"2024-08-14T09:50:50+00:00\" \/>\n<meta property=\"og:image\" content=\"https:\/\/www.sanwicom.com\/wp-content\/uploads\/2024\/08\/SANWICOM-AGENCE-1-576x1024.png\" \/>\n<meta name=\"twitter:card\" content=\"summary_large_image\" \/>\n<meta name=\"twitter:label1\" content=\"Dur\u00e9e de lecture estim\u00e9e\" \/>\n\t<meta name=\"twitter:data1\" content=\"1 minute\" \/>\n<script type=\"application\/ld+json\" class=\"yoast-schema-graph\">{\"@context\":\"https:\\\/\\\/schema.org\",\"@graph\":[{\"@type\":\"WebPage\",\"@id\":\"https:\\\/\\\/www.sanwicom.com\\\/index.php\\\/presentation-de-lagence\\\/\",\"url\":\"https:\\\/\\\/www.sanwicom.com\\\/index.php\\\/presentation-de-lagence\\\/\",\"name\":\"Pr\u00e9sentation de l'agence - Sanwi Communication\",\"isPartOf\":{\"@id\":\"https:\\\/\\\/www.sanwicom.com\\\/#website\"},\"primaryImageOfPage\":{\"@id\":\"https:\\\/\\\/www.sanwicom.com\\\/index.php\\\/presentation-de-lagence\\\/#primaryimage\"},\"image\":{\"@id\":\"https:\\\/\\\/www.sanwicom.com\\\/index.php\\\/presentation-de-lagence\\\/#primaryimage\"},\"thumbnailUrl\":\"https:\\\/\\\/www.sanwicom.com\\\/wp-content\\\/uploads\\\/2024\\\/08\\\/SANWICOM-AGENCE-1-576x1024.png\",\"datePublished\":\"2024-08-14T09:48:51+00:00\",\"dateModified\":\"2024-08-14T09:50:50+00:00\",\"breadcrumb\":{\"@id\":\"https:\\\/\\\/www.sanwicom.com\\\/index.php\\\/presentation-de-lagence\\\/#breadcrumb\"},\"inLanguage\":\"fr-FR\",\"potentialAction\":[{\"@type\":\"ReadAction\",\"target\":[\"https:\\\/\\\/www.sanwicom.com\\\/index.php\\\/presentation-de-lagence\\\/\"]}]},{\"@type\":\"ImageObject\",\"inLanguage\":\"fr-FR\",\"@id\":\"https:\\\/\\\/www.sanwicom.com\\\/index.php\\\/presentation-de-lagence\\\/#primaryimage\",\"url\":\"https:\\\/\\\/www.sanwicom.com\\\/wp-content\\\/uploads\\\/2024\\\/08\\\/SANWICOM-AGENCE-1.png\",\"contentUrl\":\"https:\\\/\\\/www.sanwicom.com\\\/wp-content\\\/uploads\\\/2024\\\/08\\\/SANWICOM-AGENCE-1.png\",\"width\":1080,\"height\":1920,\"caption\":\"Pr\u00e9sentation agence\"},{\"@type\":\"BreadcrumbList\",\"@id\":\"https:\\\/\\\/www.sanwicom.com\\\/index.php\\\/presentation-de-lagence\\\/#breadcrumb\",\"itemListElement\":[{\"@type\":\"ListItem\",\"position\":1,\"name\":\"Accueil\",\"item\":\"https:\\\/\\\/www.sanwicom.com\\\/\"},{\"@type\":\"ListItem\",\"position\":2,\"name\":\"Pr\u00e9sentation de l&rsquo;agence\"}]},{\"@type\":\"WebSite\",\"@id\":\"https:\\\/\\\/www.sanwicom.com\\\/#website\",\"url\":\"https:\\\/\\\/www.sanwicom.com\\\/\",\"name\":\"Sanwi Communication\",\"description\":\"\",\"publisher\":{\"@id\":\"https:\\\/\\\/www.sanwicom.com\\\/#organization\"},\"potentialAction\":[{\"@type\":\"SearchAction\",\"target\":{\"@type\":\"EntryPoint\",\"urlTemplate\":\"https:\\\/\\\/www.sanwicom.com\\\/?s={search_term_string}\"},\"query-input\":{\"@type\":\"PropertyValueSpecification\",\"valueRequired\":true,\"valueName\":\"search_term_string\"}}],\"inLanguage\":\"fr-FR\"},{\"@type\":\"Organization\",\"@id\":\"https:\\\/\\\/www.sanwicom.com\\\/#organization\",\"name\":\"Sanwi Communication\",\"url\":\"https:\\\/\\\/www.sanwicom.com\\\/\",\"logo\":{\"@type\":\"ImageObject\",\"inLanguage\":\"fr-FR\",\"@id\":\"https:\\\/\\\/www.sanwicom.com\\\/#\\\/schema\\\/logo\\\/image\\\/\",\"url\":\"https:\\\/\\\/www.sanwicom.com\\\/wp-content\\\/uploads\\\/2023\\\/12\\\/LOGO-sanwicom-bleu-sur-blanc-scaled.png\",\"contentUrl\":\"https:\\\/\\\/www.sanwicom.com\\\/wp-content\\\/uploads\\\/2023\\\/12\\\/LOGO-sanwicom-bleu-sur-blanc-scaled.png\",\"width\":2560,\"height\":560,\"caption\":\"Sanwi Communication\"},\"image\":{\"@id\":\"https:\\\/\\\/www.sanwicom.com\\\/#\\\/schema\\\/logo\\\/image\\\/\"}}]}<\/script>\n<!-- \/ Yoast SEO plugin. -->","yoast_head_json":{"title":"Pr\u00e9sentation de l'agence - Sanwi Communication","robots":{"index":"index","follow":"follow","max-snippet":"max-snippet:-1","max-image-preview":"max-image-preview:large","max-video-preview":"max-video-preview:-1"},"canonical":"https:\/\/www.sanwicom.com\/index.php\/presentation-de-lagence\/","og_locale":"fr_FR","og_type":"article","og_title":"Pr\u00e9sentation de l'agence - Sanwi Communication","og_description":"SANWICOM, entreprise cr\u00e9\u00e9e le 1er septembre 2023, est sp\u00e9cialis\u00e9e dans la prestation de services et de conseils en marketing et en communication. Elle est l\u2019aboutissement de\u00a025 ann\u00e9es d\u2019exp\u00e9rience dans l\u2019univers de la communication. Je suis Marie-Th\u00e9r\u00e8se Bert\u00e9, et d\u2019aussi loin que je me souvienne, j\u2019ai toujours voulu travailler dans la communication. Ceux qui me connaissent bien disent de moi que j\u2019ai \u00a0\u00bb plusieurs comp\u00e9tences dans une personnalit\u00e9 unique \u00bb. La communication est pour moi une passion et ses ramifications des challenges qu\u2019il me pla\u00eet de relever quotidiennement pour obtenir des r\u00e9sultats.","og_url":"https:\/\/www.sanwicom.com\/index.php\/presentation-de-lagence\/","og_site_name":"Sanwi Communication","article_modified_time":"2024-08-14T09:50:50+00:00","og_image":[{"url":"https:\/\/www.sanwicom.com\/wp-content\/uploads\/2024\/08\/SANWICOM-AGENCE-1-576x1024.png","type":"","width":"","height":""}],"twitter_card":"summary_large_image","twitter_misc":{"Dur\u00e9e de lecture estim\u00e9e":"1 minute"},"schema":{"@context":"https:\/\/schema.org","@graph":[{"@type":"WebPage","@id":"https:\/\/www.sanwicom.com\/index.php\/presentation-de-lagence\/","url":"https:\/\/www.sanwicom.com\/index.php\/presentation-de-lagence\/","name":"Pr\u00e9sentation de l'agence - Sanwi Communication","isPartOf":{"@id":"https:\/\/www.sanwicom.com\/#website"},"primaryImageOfPage":{"@id":"https:\/\/www.sanwicom.com\/index.php\/presentation-de-lagence\/#primaryimage"},"image":{"@id":"https:\/\/www.sanwicom.com\/index.php\/presentation-de-lagence\/#primaryimage"},"thumbnailUrl":"https:\/\/www.sanwicom.com\/wp-content\/uploads\/2024\/08\/SANWICOM-AGENCE-1-576x1024.png","datePublished":"2024-08-14T09:48:51+00:00","dateModified":"2024-08-14T09:50:50+00:00","breadcrumb":{"@id":"https:\/\/www.sanwicom.com\/index.php\/presentation-de-lagence\/#breadcrumb"},"inLanguage":"fr-FR","potentialAction":[{"@type":"ReadAction","target":["https:\/\/www.sanwicom.com\/index.php\/presentation-de-lagence\/"]}]},{"@type":"ImageObject","inLanguage":"fr-FR","@id":"https:\/\/www.sanwicom.com\/index.php\/presentation-de-lagence\/#primaryimage","url":"https:\/\/www.sanwicom.com\/wp-content\/uploads\/2024\/08\/SANWICOM-AGENCE-1.png","contentUrl":"https:\/\/www.sanwicom.com\/wp-content\/uploads\/2024\/08\/SANWICOM-AGENCE-1.png","width":1080,"height":1920,"caption":"Pr\u00e9sentation agence"},{"@type":"BreadcrumbList","@id":"https:\/\/www.sanwicom.com\/index.php\/presentation-de-lagence\/#breadcrumb","itemListElement":[{"@type":"ListItem","position":1,"name":"Accueil","item":"https:\/\/www.sanwicom.com\/"},{"@type":"ListItem","position":2,"name":"Pr\u00e9sentation de l&rsquo;agence"}]},{"@type":"WebSite","@id":"https:\/\/www.sanwicom.com\/#website","url":"https:\/\/www.sanwicom.com\/","name":"Sanwi Communication","description":"","publisher":{"@id":"https:\/\/www.sanwicom.com\/#organization"},"potentialAction":[{"@type":"SearchAction","target":{"@type":"EntryPoint","urlTemplate":"https:\/\/www.sanwicom.com\/?s={search_term_string}"},"query-input":{"@type":"PropertyValueSpecification","valueRequired":true,"valueName":"search_term_string"}}],"inLanguage":"fr-FR"},{"@type":"Organization","@id":"https:\/\/www.sanwicom.com\/#organization","name":"Sanwi Communication","url":"https:\/\/www.sanwicom.com\/","logo":{"@type":"ImageObject","inLanguage":"fr-FR","@id":"https:\/\/www.sanwicom.com\/#\/schema\/logo\/image\/","url":"https:\/\/www.sanwicom.com\/wp-content\/uploads\/2023\/12\/LOGO-sanwicom-bleu-sur-blanc-scaled.png","contentUrl":"https:\/\/www.sanwicom.com\/wp-content\/uploads\/2023\/12\/LOGO-sanwicom-bleu-sur-blanc-scaled.png","width":2560,"height":560,"caption":"Sanwi Communication"},"image":{"@id":"https:\/\/www.sanwicom.com\/#\/schema\/logo\/image\/"}}]}},"_links":{"self":[{"href":"https:\/\/www.sanwicom.com\/index.php\/wp-json\/wp\/v2\/pages\/76","targetHints":{"allow":["GET"]}}],"collection":[{"href":"https:\/\/www.sanwicom.com\/index.php\/wp-json\/wp\/v2\/pages"}],"about":[{"href":"https:\/\/www.sanwicom.com\/index.php\/wp-json\/wp\/v2\/types\/page"}],"author":[{"embeddable":true,"href":"https:\/\/www.sanwicom.com\/index.php\/wp-json\/wp\/v2\/users\/3"}],"replies":[{"embeddable":true,"href":"https:\/\/www.sanwicom.com\/index.php\/wp-json\/wp\/v2\/comments?post=76"}],"version-history":[{"count":4,"href":"https:\/\/www.sanwicom.com\/index.php\/wp-json\/wp\/v2\/pages\/76\/revisions"}],"predecessor-version":[{"id":80,"href":"https:\/\/www.sanwicom.com\/index.php\/wp-json\/wp\/v2\/pages\/76\/revisions\/80"}],"wp:attachment":[{"href":"https:\/\/www.sanwicom.com\/index.php\/wp-json\/wp\/v2\/media?parent=76"}],"curies":[{"name":"wp","href":"https:\/\/api.w.org\/{rel}","templated":true}]}}