{"id":53,"date":"2024-08-09T17:35:42","date_gmt":"2024-08-09T15:35:42","guid":{"rendered":"https:\/\/www.sanwicom.com\/?page_id=53"},"modified":"2024-08-09T17:40:08","modified_gmt":"2024-08-09T15:40:08","slug":"diversite-culturelle-et-ouverture","status":"publish","type":"page","link":"https:\/\/www.sanwicom.com\/index.php\/diversite-culturelle-et-ouverture\/","title":{"rendered":"Diversit\u00e9 culturelle et ouverture"},"content":{"rendered":"\t\t<div data-elementor-type=\"wp-page\" data-elementor-id=\"53\" class=\"elementor elementor-53\">\n\t\t\t\t<div class=\"elementor-element elementor-element-fd0f0cc e-flex e-con-boxed wpr-particle-no wpr-jarallax-no wpr-parallax-no wpr-sticky-section-no e-con e-parent\" data-id=\"fd0f0cc\" data-element_type=\"container\">\n\t\t\t\t\t<div class=\"e-con-inner\">\n\t\t<div class=\"elementor-element elementor-element-2c9c363 e-con-full e-flex wpr-particle-no wpr-jarallax-no wpr-parallax-no wpr-sticky-section-no e-con e-child\" data-id=\"2c9c363\" data-element_type=\"container\">\n\t\t\t\t<div class=\"elementor-element elementor-element-a5aec72 elementor-widget elementor-widget-image\" data-id=\"a5aec72\" data-element_type=\"widget\" data-widget_type=\"image.default\">\n\t\t\t\t<div class=\"elementor-widget-container\">\n\t\t\t\t\t\t\t\t\t\t\t\t\t\t\t<img fetchpriority=\"high\" decoding=\"async\" width=\"576\" height=\"1024\" src=\"https:\/\/www.sanwicom.com\/wp-content\/uploads\/2024\/08\/SANWICOM-ouverture-576x1024.png\" class=\"attachment-large size-large wp-image-55\" alt=\"Diversit\u00e9 culturelle et ouverture\" srcset=\"https:\/\/www.sanwicom.com\/wp-content\/uploads\/2024\/08\/SANWICOM-ouverture-576x1024.png 576w, https:\/\/www.sanwicom.com\/wp-content\/uploads\/2024\/08\/SANWICOM-ouverture-169x300.png 169w, https:\/\/www.sanwicom.com\/wp-content\/uploads\/2024\/08\/SANWICOM-ouverture-768x1365.png 768w, https:\/\/www.sanwicom.com\/wp-content\/uploads\/2024\/08\/SANWICOM-ouverture-864x1536.png 864w, https:\/\/www.sanwicom.com\/wp-content\/uploads\/2024\/08\/SANWICOM-ouverture-1152x2048.png 1152w\" sizes=\"(max-width: 576px) 100vw, 576px\" \/>\t\t\t\t\t\t\t\t\t\t\t\t\t\t\t<\/div>\n\t\t\t\t<\/div>\n\t\t\t\t<\/div>\n\t\t<div class=\"elementor-element elementor-element-84605db e-con-full e-flex wpr-particle-no wpr-jarallax-no wpr-parallax-no wpr-sticky-section-no e-con e-child\" data-id=\"84605db\" data-element_type=\"container\">\n\t\t<div class=\"elementor-element elementor-element-c6190a4 e-con-full e-flex wpr-particle-no wpr-jarallax-no wpr-parallax-no wpr-sticky-section-no e-con e-child\" data-id=\"c6190a4\" data-element_type=\"container\">\n\t\t\t\t<div class=\"elementor-element elementor-element-51dda85 elementor-widget elementor-widget-text-editor\" data-id=\"51dda85\" data-element_type=\"widget\" data-widget_type=\"text-editor.default\">\n\t\t\t\t<div class=\"elementor-widget-container\">\n\t\t\t\t\t\t\t\t\t<p><span class=\"OYPEnA font-feature-liga-off font-feature-clig-off font-feature-calt-off text-decoration-none text-strikethrough-none\">Je suis d&rsquo;ici et d&rsquo;ailleurs, originaire de Vitry-le-Fran\u00e7ois, d&rsquo;Abidjan, de Cotonou, de Dakar, du Sanwi&#8230; bref citoyenne du monde.<\/span><\/p><p><span class=\"OYPEnA font-feature-liga-off font-feature-clig-off font-feature-calt-off text-decoration-none text-strikethrough-none\">Ce multiculturalisme est une richesse qui me donne une ouverture facilit\u00e9e au monde d&rsquo;aujourd&rsquo;hui en constant mouvement.<\/span><\/p><p><span class=\"OYPEnA font-feature-liga-off font-feature-clig-off font-feature-calt-off text-decoration-none text-strikethrough-none\">C&rsquo;est cette ouverture au monde acquise d\u00e8s mon jeune \u00e2ge qui me permet de g\u00e9rer des projets aussi bien en Europe, qu&rsquo;en Afrique de l&rsquo;Ouest ou en Am\u00e9rique du Nord.<\/span><\/p><p><span class=\"OYPEnA font-feature-liga-off font-feature-clig-off font-feature-calt-off text-decoration-none text-strikethrough-none\">J\u2019aborde chaque projet de mani\u00e8re GLOCALE, par la mise en place de strat\u00e9gies qui englobent les attentes globales et le contexte local du client.<\/span><\/p>\t\t\t\t\t\t\t\t<\/div>\n\t\t\t\t<\/div>\n\t\t\t\t<\/div>\n\t\t\t\t<\/div>\n\t\t\t\t\t<\/div>\n\t\t\t\t<\/div>\n\t\t<div class=\"elementor-element elementor-element-83ef9a3 e-flex e-con-boxed wpr-particle-no wpr-jarallax-no wpr-parallax-no wpr-sticky-section-no e-con e-parent\" data-id=\"83ef9a3\" data-element_type=\"container\">\n\t\t\t\t\t<div class=\"e-con-inner\">\n\t\t\t\t<div class=\"elementor-element elementor-element-7a20508 elementor-widget elementor-widget-text-editor\" data-id=\"7a20508\" data-element_type=\"widget\" data-widget_type=\"text-editor.default\">\n\t\t\t\t<div class=\"elementor-widget-container\">\n\t\t\t\t\t\t\t\t\t<p><span class=\"OYPEnA font-feature-liga-off font-feature-clig-off font-feature-calt-off text-decoration-none text-strikethrough-none\">Chez SANWICOM, chaque client est unique. De la prise de brief \u00e0 l&rsquo;atteinte des objectifs fix\u00e9s, nous travaillons main dans la main pour construire une relation de confiance.\u00a0<\/span><\/p><p>Ensemble, exp\u00e9rimentons l&rsquo;instinct, trouvons ce qui vous fait vibrer et donnons vie \u00e0 vos passions !<\/p>\t\t\t\t\t\t\t\t<\/div>\n\t\t\t\t<\/div>\n\t\t\t\t\t<\/div>\n\t\t\t\t<\/div>\n\t\t\t\t<\/div>\n\t\t","protected":false},"excerpt":{"rendered":"<p>Je suis d&rsquo;ici et d&rsquo;ailleurs, originaire de Vitry-le-Fran\u00e7ois, d&rsquo;Abidjan, de Cotonou, de Dakar, du Sanwi&#8230; bref citoyenne du monde. Ce multiculturalisme est une richesse qui me donne une ouverture facilit\u00e9e au monde d&rsquo;aujourd&rsquo;hui en constant mouvement. C&rsquo;est cette ouverture au monde acquise d\u00e8s mon jeune \u00e2ge qui me permet de g\u00e9rer des projets aussi bien en Europe, qu&rsquo;en Afrique de l&rsquo;Ouest ou en Am\u00e9rique du Nord. J\u2019aborde chaque projet de mani\u00e8re GLOCALE, par la mise en place de strat\u00e9gies qui englobent les attentes globales et le contexte local du client. Chez SANWICOM, chaque client est unique. De la prise de brief \u00e0 l&rsquo;atteinte des objectifs fix\u00e9s, nous travaillons main dans la main pour construire une relation de confiance.\u00a0 Ensemble, exp\u00e9rimentons l&rsquo;instinct, trouvons ce qui vous fait vibrer et donnons vie \u00e0 vos passions !<\/p>\n","protected":false},"author":3,"featured_media":0,"parent":0,"menu_order":0,"comment_status":"closed","ping_status":"closed","template":"","meta":{"site-sidebar-layout":"default","site-content-layout":"","ast-site-content-layout":"","site-content-style":"default","site-sidebar-style":"default","ast-global-header-display":"","ast-banner-title-visibility":"","ast-main-header-display":"","ast-hfb-above-header-display":"","ast-hfb-below-header-display":"","ast-hfb-mobile-header-display":"","site-post-title":"","ast-breadcrumbs-content":"","ast-featured-img":"","footer-sml-layout":"","theme-transparent-header-meta":"","adv-header-id-meta":"","stick-header-meta":"","header-above-stick-meta":"","header-main-stick-meta":"","header-below-stick-meta":"","astra-migrate-meta-layouts":"default","ast-page-background-enabled":"default","ast-page-background-meta":{"desktop":{"background-color":"var(--ast-global-color-5)","background-image":"","background-repeat":"repeat","background-position":"center center","background-size":"auto","background-attachment":"scroll","background-type":"","background-media":"","overlay-type":"","overlay-color":"","overlay-opacity":"","overlay-gradient":""},"tablet":{"background-color":"","background-image":"","background-repeat":"repeat","background-position":"center center","background-size":"auto","background-attachment":"scroll","background-type":"","background-media":"","overlay-type":"","overlay-color":"","overlay-opacity":"","overlay-gradient":""},"mobile":{"background-color":"","background-image":"","background-repeat":"repeat","background-position":"center center","background-size":"auto","background-attachment":"scroll","background-type":"","background-media":"","overlay-type":"","overlay-color":"","overlay-opacity":"","overlay-gradient":""}},"ast-content-background-meta":{"desktop":{"background-color":"var(--ast-global-color-4)","background-image":"","background-repeat":"repeat","background-position":"center center","background-size":"auto","background-attachment":"scroll","background-type":"","background-media":"","overlay-type":"","overlay-color":"","overlay-opacity":"","overlay-gradient":""},"tablet":{"background-color":"var(--ast-global-color-4)","background-image":"","background-repeat":"repeat","background-position":"center center","background-size":"auto","background-attachment":"scroll","background-type":"","background-media":"","overlay-type":"","overlay-color":"","overlay-opacity":"","overlay-gradient":""},"mobile":{"background-color":"var(--ast-global-color-4)","background-image":"","background-repeat":"repeat","background-position":"center center","background-size":"auto","background-attachment":"scroll","background-type":"","background-media":"","overlay-type":"","overlay-color":"","overlay-opacity":"","overlay-gradient":""}},"footnotes":""},"class_list":["post-53","page","type-page","status-publish","hentry"],"yoast_head":"<!-- This site is optimized with the Yoast SEO plugin v27.4 - https:\/\/yoast.com\/product\/yoast-seo-wordpress\/ -->\n<title>Diversit\u00e9 culturelle et ouverture - Sanwi Communication<\/title>\n<meta name=\"robots\" content=\"index, follow, max-snippet:-1, max-image-preview:large, max-video-preview:-1\" \/>\n<link rel=\"canonical\" href=\"https:\/\/www.sanwicom.com\/index.php\/diversite-culturelle-et-ouverture\/\" \/>\n<meta property=\"og:locale\" content=\"fr_FR\" \/>\n<meta property=\"og:type\" content=\"article\" \/>\n<meta property=\"og:title\" content=\"Diversit\u00e9 culturelle et ouverture - Sanwi Communication\" \/>\n<meta property=\"og:description\" content=\"Je suis d&rsquo;ici et d&rsquo;ailleurs, originaire de Vitry-le-Fran\u00e7ois, d&rsquo;Abidjan, de Cotonou, de Dakar, du Sanwi&#8230; bref citoyenne du monde. Ce multiculturalisme est une richesse qui me donne une ouverture facilit\u00e9e au monde d&rsquo;aujourd&rsquo;hui en constant mouvement. C&rsquo;est cette ouverture au monde acquise d\u00e8s mon jeune \u00e2ge qui me permet de g\u00e9rer des projets aussi bien en Europe, qu&rsquo;en Afrique de l&rsquo;Ouest ou en Am\u00e9rique du Nord. J\u2019aborde chaque projet de mani\u00e8re GLOCALE, par la mise en place de strat\u00e9gies qui englobent les attentes globales et le contexte local du client. Chez SANWICOM, chaque client est unique. De la prise de brief \u00e0 l&rsquo;atteinte des objectifs fix\u00e9s, nous travaillons main dans la main pour construire une relation de confiance.\u00a0 Ensemble, exp\u00e9rimentons l&rsquo;instinct, trouvons ce qui vous fait vibrer et donnons vie \u00e0 vos passions !\" \/>\n<meta property=\"og:url\" content=\"https:\/\/www.sanwicom.com\/index.php\/diversite-culturelle-et-ouverture\/\" \/>\n<meta property=\"og:site_name\" content=\"Sanwi Communication\" \/>\n<meta property=\"article:modified_time\" content=\"2024-08-09T15:40:08+00:00\" \/>\n<meta property=\"og:image\" content=\"https:\/\/www.sanwicom.com\/wp-content\/uploads\/2024\/08\/SANWICOM-ouverture-576x1024.png\" \/>\n<meta name=\"twitter:card\" content=\"summary_large_image\" \/>\n<meta name=\"twitter:label1\" content=\"Dur\u00e9e de lecture estim\u00e9e\" \/>\n\t<meta name=\"twitter:data1\" content=\"1 minute\" \/>\n<script type=\"application\/ld+json\" class=\"yoast-schema-graph\">{\"@context\":\"https:\\\/\\\/schema.org\",\"@graph\":[{\"@type\":\"WebPage\",\"@id\":\"https:\\\/\\\/www.sanwicom.com\\\/index.php\\\/diversite-culturelle-et-ouverture\\\/\",\"url\":\"https:\\\/\\\/www.sanwicom.com\\\/index.php\\\/diversite-culturelle-et-ouverture\\\/\",\"name\":\"Diversit\u00e9 culturelle et ouverture - Sanwi Communication\",\"isPartOf\":{\"@id\":\"https:\\\/\\\/www.sanwicom.com\\\/#website\"},\"primaryImageOfPage\":{\"@id\":\"https:\\\/\\\/www.sanwicom.com\\\/index.php\\\/diversite-culturelle-et-ouverture\\\/#primaryimage\"},\"image\":{\"@id\":\"https:\\\/\\\/www.sanwicom.com\\\/index.php\\\/diversite-culturelle-et-ouverture\\\/#primaryimage\"},\"thumbnailUrl\":\"https:\\\/\\\/www.sanwicom.com\\\/wp-content\\\/uploads\\\/2024\\\/08\\\/SANWICOM-ouverture-576x1024.png\",\"datePublished\":\"2024-08-09T15:35:42+00:00\",\"dateModified\":\"2024-08-09T15:40:08+00:00\",\"breadcrumb\":{\"@id\":\"https:\\\/\\\/www.sanwicom.com\\\/index.php\\\/diversite-culturelle-et-ouverture\\\/#breadcrumb\"},\"inLanguage\":\"fr-FR\",\"potentialAction\":[{\"@type\":\"ReadAction\",\"target\":[\"https:\\\/\\\/www.sanwicom.com\\\/index.php\\\/diversite-culturelle-et-ouverture\\\/\"]}]},{\"@type\":\"ImageObject\",\"inLanguage\":\"fr-FR\",\"@id\":\"https:\\\/\\\/www.sanwicom.com\\\/index.php\\\/diversite-culturelle-et-ouverture\\\/#primaryimage\",\"url\":\"https:\\\/\\\/www.sanwicom.com\\\/wp-content\\\/uploads\\\/2024\\\/08\\\/SANWICOM-ouverture.png\",\"contentUrl\":\"https:\\\/\\\/www.sanwicom.com\\\/wp-content\\\/uploads\\\/2024\\\/08\\\/SANWICOM-ouverture.png\",\"width\":2160,\"height\":3840,\"caption\":\"Diversit\u00e9 culturelle et ouverture\"},{\"@type\":\"BreadcrumbList\",\"@id\":\"https:\\\/\\\/www.sanwicom.com\\\/index.php\\\/diversite-culturelle-et-ouverture\\\/#breadcrumb\",\"itemListElement\":[{\"@type\":\"ListItem\",\"position\":1,\"name\":\"Accueil\",\"item\":\"https:\\\/\\\/www.sanwicom.com\\\/\"},{\"@type\":\"ListItem\",\"position\":2,\"name\":\"Diversit\u00e9 culturelle et ouverture\"}]},{\"@type\":\"WebSite\",\"@id\":\"https:\\\/\\\/www.sanwicom.com\\\/#website\",\"url\":\"https:\\\/\\\/www.sanwicom.com\\\/\",\"name\":\"Sanwi Communication\",\"description\":\"\",\"publisher\":{\"@id\":\"https:\\\/\\\/www.sanwicom.com\\\/#organization\"},\"potentialAction\":[{\"@type\":\"SearchAction\",\"target\":{\"@type\":\"EntryPoint\",\"urlTemplate\":\"https:\\\/\\\/www.sanwicom.com\\\/?s={search_term_string}\"},\"query-input\":{\"@type\":\"PropertyValueSpecification\",\"valueRequired\":true,\"valueName\":\"search_term_string\"}}],\"inLanguage\":\"fr-FR\"},{\"@type\":\"Organization\",\"@id\":\"https:\\\/\\\/www.sanwicom.com\\\/#organization\",\"name\":\"Sanwi Communication\",\"url\":\"https:\\\/\\\/www.sanwicom.com\\\/\",\"logo\":{\"@type\":\"ImageObject\",\"inLanguage\":\"fr-FR\",\"@id\":\"https:\\\/\\\/www.sanwicom.com\\\/#\\\/schema\\\/logo\\\/image\\\/\",\"url\":\"https:\\\/\\\/www.sanwicom.com\\\/wp-content\\\/uploads\\\/2023\\\/12\\\/LOGO-sanwicom-bleu-sur-blanc-scaled.png\",\"contentUrl\":\"https:\\\/\\\/www.sanwicom.com\\\/wp-content\\\/uploads\\\/2023\\\/12\\\/LOGO-sanwicom-bleu-sur-blanc-scaled.png\",\"width\":2560,\"height\":560,\"caption\":\"Sanwi Communication\"},\"image\":{\"@id\":\"https:\\\/\\\/www.sanwicom.com\\\/#\\\/schema\\\/logo\\\/image\\\/\"}}]}<\/script>\n<!-- \/ Yoast SEO plugin. -->","yoast_head_json":{"title":"Diversit\u00e9 culturelle et ouverture - Sanwi Communication","robots":{"index":"index","follow":"follow","max-snippet":"max-snippet:-1","max-image-preview":"max-image-preview:large","max-video-preview":"max-video-preview:-1"},"canonical":"https:\/\/www.sanwicom.com\/index.php\/diversite-culturelle-et-ouverture\/","og_locale":"fr_FR","og_type":"article","og_title":"Diversit\u00e9 culturelle et ouverture - Sanwi Communication","og_description":"Je suis d&rsquo;ici et d&rsquo;ailleurs, originaire de Vitry-le-Fran\u00e7ois, d&rsquo;Abidjan, de Cotonou, de Dakar, du Sanwi&#8230; bref citoyenne du monde. Ce multiculturalisme est une richesse qui me donne une ouverture facilit\u00e9e au monde d&rsquo;aujourd&rsquo;hui en constant mouvement. C&rsquo;est cette ouverture au monde acquise d\u00e8s mon jeune \u00e2ge qui me permet de g\u00e9rer des projets aussi bien en Europe, qu&rsquo;en Afrique de l&rsquo;Ouest ou en Am\u00e9rique du Nord. J\u2019aborde chaque projet de mani\u00e8re GLOCALE, par la mise en place de strat\u00e9gies qui englobent les attentes globales et le contexte local du client. Chez SANWICOM, chaque client est unique. De la prise de brief \u00e0 l&rsquo;atteinte des objectifs fix\u00e9s, nous travaillons main dans la main pour construire une relation de confiance.\u00a0 Ensemble, exp\u00e9rimentons l&rsquo;instinct, trouvons ce qui vous fait vibrer et donnons vie \u00e0 vos passions !","og_url":"https:\/\/www.sanwicom.com\/index.php\/diversite-culturelle-et-ouverture\/","og_site_name":"Sanwi Communication","article_modified_time":"2024-08-09T15:40:08+00:00","og_image":[{"url":"https:\/\/www.sanwicom.com\/wp-content\/uploads\/2024\/08\/SANWICOM-ouverture-576x1024.png","type":"","width":"","height":""}],"twitter_card":"summary_large_image","twitter_misc":{"Dur\u00e9e de lecture estim\u00e9e":"1 minute"},"schema":{"@context":"https:\/\/schema.org","@graph":[{"@type":"WebPage","@id":"https:\/\/www.sanwicom.com\/index.php\/diversite-culturelle-et-ouverture\/","url":"https:\/\/www.sanwicom.com\/index.php\/diversite-culturelle-et-ouverture\/","name":"Diversit\u00e9 culturelle et ouverture - Sanwi Communication","isPartOf":{"@id":"https:\/\/www.sanwicom.com\/#website"},"primaryImageOfPage":{"@id":"https:\/\/www.sanwicom.com\/index.php\/diversite-culturelle-et-ouverture\/#primaryimage"},"image":{"@id":"https:\/\/www.sanwicom.com\/index.php\/diversite-culturelle-et-ouverture\/#primaryimage"},"thumbnailUrl":"https:\/\/www.sanwicom.com\/wp-content\/uploads\/2024\/08\/SANWICOM-ouverture-576x1024.png","datePublished":"2024-08-09T15:35:42+00:00","dateModified":"2024-08-09T15:40:08+00:00","breadcrumb":{"@id":"https:\/\/www.sanwicom.com\/index.php\/diversite-culturelle-et-ouverture\/#breadcrumb"},"inLanguage":"fr-FR","potentialAction":[{"@type":"ReadAction","target":["https:\/\/www.sanwicom.com\/index.php\/diversite-culturelle-et-ouverture\/"]}]},{"@type":"ImageObject","inLanguage":"fr-FR","@id":"https:\/\/www.sanwicom.com\/index.php\/diversite-culturelle-et-ouverture\/#primaryimage","url":"https:\/\/www.sanwicom.com\/wp-content\/uploads\/2024\/08\/SANWICOM-ouverture.png","contentUrl":"https:\/\/www.sanwicom.com\/wp-content\/uploads\/2024\/08\/SANWICOM-ouverture.png","width":2160,"height":3840,"caption":"Diversit\u00e9 culturelle et ouverture"},{"@type":"BreadcrumbList","@id":"https:\/\/www.sanwicom.com\/index.php\/diversite-culturelle-et-ouverture\/#breadcrumb","itemListElement":[{"@type":"ListItem","position":1,"name":"Accueil","item":"https:\/\/www.sanwicom.com\/"},{"@type":"ListItem","position":2,"name":"Diversit\u00e9 culturelle et ouverture"}]},{"@type":"WebSite","@id":"https:\/\/www.sanwicom.com\/#website","url":"https:\/\/www.sanwicom.com\/","name":"Sanwi Communication","description":"","publisher":{"@id":"https:\/\/www.sanwicom.com\/#organization"},"potentialAction":[{"@type":"SearchAction","target":{"@type":"EntryPoint","urlTemplate":"https:\/\/www.sanwicom.com\/?s={search_term_string}"},"query-input":{"@type":"PropertyValueSpecification","valueRequired":true,"valueName":"search_term_string"}}],"inLanguage":"fr-FR"},{"@type":"Organization","@id":"https:\/\/www.sanwicom.com\/#organization","name":"Sanwi Communication","url":"https:\/\/www.sanwicom.com\/","logo":{"@type":"ImageObject","inLanguage":"fr-FR","@id":"https:\/\/www.sanwicom.com\/#\/schema\/logo\/image\/","url":"https:\/\/www.sanwicom.com\/wp-content\/uploads\/2023\/12\/LOGO-sanwicom-bleu-sur-blanc-scaled.png","contentUrl":"https:\/\/www.sanwicom.com\/wp-content\/uploads\/2023\/12\/LOGO-sanwicom-bleu-sur-blanc-scaled.png","width":2560,"height":560,"caption":"Sanwi Communication"},"image":{"@id":"https:\/\/www.sanwicom.com\/#\/schema\/logo\/image\/"}}]}},"_links":{"self":[{"href":"https:\/\/www.sanwicom.com\/index.php\/wp-json\/wp\/v2\/pages\/53","targetHints":{"allow":["GET"]}}],"collection":[{"href":"https:\/\/www.sanwicom.com\/index.php\/wp-json\/wp\/v2\/pages"}],"about":[{"href":"https:\/\/www.sanwicom.com\/index.php\/wp-json\/wp\/v2\/types\/page"}],"author":[{"embeddable":true,"href":"https:\/\/www.sanwicom.com\/index.php\/wp-json\/wp\/v2\/users\/3"}],"replies":[{"embeddable":true,"href":"https:\/\/www.sanwicom.com\/index.php\/wp-json\/wp\/v2\/comments?post=53"}],"version-history":[{"count":5,"href":"https:\/\/www.sanwicom.com\/index.php\/wp-json\/wp\/v2\/pages\/53\/revisions"}],"predecessor-version":[{"id":59,"href":"https:\/\/www.sanwicom.com\/index.php\/wp-json\/wp\/v2\/pages\/53\/revisions\/59"}],"wp:attachment":[{"href":"https:\/\/www.sanwicom.com\/index.php\/wp-json\/wp\/v2\/media?parent=53"}],"curies":[{"name":"wp","href":"https:\/\/api.w.org\/{rel}","templated":true}]}}